{"id":39,"date":"2023-08-16T11:43:55","date_gmt":"2023-08-16T11:43:55","guid":{"rendered":"https:\/\/wattlublin.com\/index.php\/about\/"},"modified":"2023-11-06T11:20:36","modified_gmt":"2023-11-06T11:20:36","slug":"porady-elektryka","status":"publish","type":"page","link":"https:\/\/wattlublin.com\/index.php\/porady-elektryka\/","title":{"rendered":"Elektryka &#8211; zasady korzystania z pr\u0105du"},"content":{"rendered":"<h1>Zasady bezpiecznego korzystania z pr\u0105du\u200b<\/h1>\n<h2>WODA i PR\u0104D to niebezpiecze\u0144stwo:<\/h2>\n<ul>\n<li>Nie korzystaj z urz\u0105dze\u0144 elektrycznych pod\u0142\u0105czonych do pr\u0105du kiedy mo\u017ce wyst\u0105pi\u0107 ryzyko ich zamoczenia b\u0105d\u017a kontaktu z wod\u0105 (np. w wannie).<\/li>\n<li>Nie myj urz\u0105dze\u0144 elektrycznych pod\u0142\u0105czonych do pr\u0105du. U\u017cywaj\u0105c urz\u0105dze\u0144 elektrycznych miej zawsze suche r\u0119ce.&nbsp;<\/li>\n<li>W razie po\u017caru nie ga\u015b urz\u0105dze\u0144 elektrycznych wod\u0105.<\/li>\n<\/ul>\n<h2>Korzystanie z urz\u0105dze\u0144 elektrycznych:<\/h2>\n<ul>\n<li>Nie przeprowadzaj samodzielnych napraw, poniewa\u017c grozi to pora\u017ceniem.&nbsp;<\/li>\n<li>Przed przyst\u0105pieniem do wymiany \u017car\u00f3wek, wy\u0142\u0105cz bezpiecznik i upewnij si\u0119, \u017ce o\u015bwietlenie jest od\u0142\u0105czone od dop\u0142ywu pr\u0105du.<\/li>\n<li>Nie sprawne urz\u0105dzenie oddaj do naprawy do serwisu lub do wykwalifikowanej do tego osoby.<\/li>\n<li>Je\u015bli uwa\u017casz, \u017ce kabel jest uszkodzony (np. z gumowej os\u0142onki wystaje metalowy przew\u00f3d) nie pod\u0142\u0105czaj urz\u0105dzenia do pr\u0105du.&nbsp;<\/li>\n<li>Zanim wyjmiesz wtyczk\u0119 z gniazdka, wy\u0142\u0105cz urz\u0105dzenie. W przeciwnym wypadku mo\u017cesz je uszkodzi\u0107 oraz ryzykujesz pora\u017cenie.<\/li>\n<li>W przypadku awarii pr\u0105du lub usterki urz\u0105dzenia skorzystaj z pomocy fachowca &#8211; nie ryzykuj samodzielnej naprawy.&nbsp;&nbsp;<\/li>\n<\/ul>\n<h2>Skontaktuj si\u0119 ze mn\u0105 preferowan\u0105 drog\u0105 (telefon\/sms, mail, formularz)<\/h2>\n<p><a href=\"tel:+48699799761\"><br \/>\n699 799 761<br \/>\n<\/a><br \/>\n<a href=\"mailto:wattlublin@gmail.com\" target=\"_blank\" rel=\"noopener\"><br \/>\nWATTLUBLIN@GMAIL.COM<br \/>\n<\/a><br \/>\n<a href=\"https:\/\/wattlublin.com\/index.php\/kontakt\/\" target=\"_blank\" rel=\"noopener\"><br \/>\nFORMULARZ<br \/>\n<\/a><br \/>\n<img loading=\"lazy\" decoding=\"async\" width=\"300\" height=\"300\" src=\"https:\/\/wattlublin.com\/wp-content\/uploads\/2023\/08\/WATT-LOGO-CZARNE-PNG-300x300.png\" alt=\"Elektryk - us\u0142ugi na terenie Lublina i okolic\" loading=\"lazy\" srcset=\"https:\/\/wattlublin.com\/wp-content\/uploads\/2023\/08\/WATT-LOGO-CZARNE-PNG-300x300.png 300w, https:\/\/wattlublin.com\/wp-content\/uploads\/2023\/08\/WATT-LOGO-CZARNE-PNG-1024x1024.png 1024w, https:\/\/wattlublin.com\/wp-content\/uploads\/2023\/08\/WATT-LOGO-CZARNE-PNG-150x150.png 150w, https:\/\/wattlublin.com\/wp-content\/uploads\/2023\/08\/WATT-LOGO-CZARNE-PNG-768x767.png 768w, https:\/\/wattlublin.com\/wp-content\/uploads\/2023\/08\/WATT-LOGO-CZARNE-PNG.png 1534w\" sizes=\"(max-width: 300px) 100vw, 300px\" title=\"\"><\/p>\n","protected":false},"excerpt":{"rendered":"<p>Zasady bezpiecznego korzystania z pr\u0105du\u200b WODA i PR\u0104D to niebezpiecze\u0144stwo: Nie korzystaj z urz\u0105dze\u0144 elektrycznych pod\u0142\u0105czonych do pr\u0105du kiedy mo\u017ce wyst\u0105pi\u0107 ryzyko ich zamoczenia b\u0105d\u017a kontaktu z wod\u0105 (np. w wannie). Nie myj urz\u0105dze\u0144 elektrycznych pod\u0142\u0105czonych do pr\u0105du. U\u017cywaj\u0105c urz\u0105dze\u0144 elektrycznych miej zawsze suche r\u0119ce.&nbsp; W razie po\u017caru nie ga\u015b urz\u0105dze\u0144 elektrycznych wod\u0105. Korzystanie z [&hellip;]<\/p>\n","protected":false},"author":2,"featured_media":0,"parent":0,"menu_order":0,"comment_status":"closed","ping_status":"closed","template":"elementor_header_footer","meta":{"footnotes":""},"_links":{"self":[{"href":"https:\/\/wattlublin.com\/index.php\/wp-json\/wp\/v2\/pages\/39"}],"collection":[{"href":"https:\/\/wattlublin.com\/index.php\/wp-json\/wp\/v2\/pages"}],"about":[{"href":"https:\/\/wattlublin.com\/index.php\/wp-json\/wp\/v2\/types\/page"}],"author":[{"embeddable":true,"href":"https:\/\/wattlublin.com\/index.php\/wp-json\/wp\/v2\/users\/2"}],"replies":[{"embeddable":true,"href":"https:\/\/wattlublin.com\/index.php\/wp-json\/wp\/v2\/comments?post=39"}],"version-history":[{"count":46,"href":"https:\/\/wattlublin.com\/index.php\/wp-json\/wp\/v2\/pages\/39\/revisions"}],"predecessor-version":[{"id":486,"href":"https:\/\/wattlublin.com\/index.php\/wp-json\/wp\/v2\/pages\/39\/revisions\/486"}],"wp:attachment":[{"href":"https:\/\/wattlublin.com\/index.php\/wp-json\/wp\/v2\/media?parent=39"}],"curies":[{"name":"wp","href":"https:\/\/api.w.org\/{rel}","templated":true}]}}